{"id":2754,"date":"2025-04-13T14:06:18","date_gmt":"2025-04-13T14:06:18","guid":{"rendered":"https:\/\/www.smarc.io\/smarc-soft\/"},"modified":"2025-07-15T06:50:38","modified_gmt":"2025-07-15T06:50:38","slug":"smarc-soft","status":"publish","type":"page","link":"https:\/\/www.smarc.io\/fr\/smarc-soft\/","title":{"rendered":"SMARC Soft"},"content":{"rendered":"<p><section id=\"bt_bb_section69ff70634475d\" class=\"bt_bb_section bt_bb_layout_wide bt_bb_vertical_align_top bt_bb_top_spacing_100 bt_bb_bottom_spacing_100\"  data-bt-override-class=\"null\"><div class=\"bt_bb_port\"><div class=\"bt_bb_cell\"><div class=\"bt_bb_cell_inner\"><div class=\"bt_bb_row bt_bb_row_push_right bt_bb_content_wide bt_bb_row_width_boxed_1200 bt_bb_row_width_boxed \"  data-bt-override-class=\"{}\"><div class=\"bt_bb_row_holder\" ><div  class=\"bt_bb_column col-xxl-6 col-xl-6 bt_bb_vertical_align_top bt_bb_align_left bt_bb_padding_normal bt_bb_animation_fade_in animate\" style=\"; --column-width:6;\" data-width=\"6\" data-bt-override-class=\"{}\"><div class=\"bt_bb_column_content\"><div class=\"bt_bb_column_content_inner\"><div class=\"bt_bb_separator bt_bb_border_style_none bt_bb_bottom_spacing_20\" data-bt-override-class=\"null\"><\/div><header data-bb-version=\"5.2.6\" class=\"bt_bb_headline bt_bb_dash_top bt_bb_superheadline bt_bb_size_large bt_bb_align_inherit\" data-bt-override-class=\"{&quot;bt_bb_size_&quot;:{&quot;current_class&quot;:&quot;bt_bb_size_large&quot;,&quot;def&quot;:&quot;large&quot;},&quot;bt_bb_align_&quot;:{&quot;current_class&quot;:&quot;bt_bb_align_inherit&quot;,&quot;def&quot;:&quot;inherit&quot;}}\"><h1><span class=\"bt_bb_headline_superheadline\"><span>What Do We Do?<\/span><\/span><span class=\"bt_bb_headline_content\"><span>Rationalisez avec des applications intelligentes<span class=\"bt_bb_outline_text bt_bb_outline_text_align_inherit bt_bb_outline_text_size_300\"><span>Streamline<\/span><\/span><\/span><\/span><\/h1><\/header><div class=\"bt_bb_separator bt_bb_border_style_none bt_bb_bottom_spacing_30\" data-bt-override-class=\"null\"><\/div><div data-bb-version=\"5.2.6\"  class=\"bt_bb_text\" ><\/p>\n<p>SMARC Soft propose des applications sp\u00e9cialis\u00e9es offrant des solutions innovantes pour rationaliser et automatiser vos processus de production \u00e0 moindre co\u00fbt.<br \/>Nos applications sont con\u00e7ues pour s\u2019int\u00e9grer parfaitement \u00e0 vos syst\u00e8mes existants, avec des fonctionnalit\u00e9s telles que le contr\u00f4le qualit\u00e9 automatis\u00e9, la planification de production, la gestion des flux de travail et l\u2019analyse pr\u00e9dictive.<br \/>En s\u2019appuyant sur les derni\u00e8res technologies d\u2019IA, ces outils am\u00e9liorent l\u2019efficacit\u00e9 op\u00e9rationnelle, r\u00e9duisent les erreurs et augmentent la productivit\u00e9.<br \/>Avec SMARC Soft, vous vous adaptez ais\u00e9ment aux \u00e9volutions du march\u00e9, garantissez une qualit\u00e9 produit constante et optimisez l\u2019allocation de vos ressources.<br \/>Nos interfaces conviviales et notre performance robuste donnent \u00e0 vos \u00e9quipes les moyens d\u2019atteindre leur plein potentiel et de favoriser l\u2019am\u00e9lioration continue de vos op\u00e9rations industrielles.<\/p>\n<p>\n<\/div><div class=\"bt_bb_separator bt_bb_border_style_none bt_bb_bottom_spacing_30\" data-bt-override-class=\"null\"><\/div><\/div><\/div><\/div><div  class=\"bt_bb_column col-xxl-6 col-xl-6 bt_bb_vertical_align_top bt_bb_align_left bt_bb_padding_0 bt_bb_animation_fade_in animate\" style=\"position: relative;; --column-width:6;\" data-width=\"6\" data-bt-override-class=\"{}\"><div class=\"bt_bb_column_content\"><div class=\"bt_bb_column_content_inner\"><div class=\"bt_bb_separator bt_bb_border_style_none bt_bb_bottom_spacing_40 bt_bb_hidden_md bt_bb_hidden_lg\" data-bt-override-class=\"null\"><\/div><div data-bb-version=\"5.2.6\" class=\"bt_bb_image bt_bb_shape_square bt_bb_align_inherit bt_bb_hover_style_simple bt_bb_content_display_always bt_bb_content_align_middle bt_bb_remove_padding_yes bt_bb_fill_background_color_full\" style=\"z-index: 1; max-width: 750px;\" data-bt-override-class=\"{&quot;bt_bb_align_&quot;:{&quot;current_class&quot;:&quot;bt_bb_align_inherit&quot;,&quot;def&quot;:&quot;inherit&quot;}}\"><span><img src = \"https:\/\/www.smarc.io\/wp-content\/plugins\/bold-page-builder\/img\/blank.gif\" data-full_image_src=\"https:\/\/www.smarc.io\/wp-content\/uploads\/2025\/02\/AIcut-e1777102586687.jpg\" data-image_src=\"https:\/\/www.smarc.io\/wp-content\/uploads\/2025\/02\/AIcut-e1777102586687.jpg\" title=\"AIcut\" alt=\"https:\/\/www.smarc.io\/wp-content\/uploads\/2025\/02\/AIcut-e1777102586687.jpg\" class=\"btLazyLoadImage\"><\/span><\/div><\/div><\/div><\/div><\/div><\/div><\/div><!-- cell_inner --><\/div><!-- cell --><\/div><!-- port --><\/section><section data-bb-version=\"5.2.6\" id=\"bt_bb_section69ff7063455bc\" class=\"bt_bb_section bt_bb_layout_wide bt_bb_vertical_align_top bt_bb_top_spacing_40 bt_bb_bottom_spacing_100 bt_bb_negative_margin_\"  data-bt-override-class=\"{&quot;bt_bb_top_spacing_&quot;:{&quot;current_class&quot;:&quot;bt_bb_top_spacing_40&quot;,&quot;def&quot;:&quot;40&quot;},&quot;bt_bb_bottom_spacing_&quot;:{&quot;current_class&quot;:&quot;bt_bb_bottom_spacing_100&quot;,&quot;def&quot;:&quot;100&quot;},&quot;bt_bb_negative_margin_&quot;:{&quot;current_class&quot;:&quot;bt_bb_negative_margin_&quot;,&quot;def&quot;:&quot;&quot;},&quot;bt_bb_animation_&quot;:{&quot;current_class&quot;:&quot;bt_bb_animation_no_animation&quot;,&quot;def&quot;:&quot;no_animation&quot;}}\"><div class=\"bt_bb_port\"><div class=\"bt_bb_cell\"><div class=\"bt_bb_cell_inner\"><div data-bb-version=\"5.2.6\" class=\"bt_bb_row bt_bb_row_width_boxed_1200 bt_bb_row_width_boxed \"  data-bt-override-class=\"{&quot;bt_bb_animation_&quot;:{&quot;current_class&quot;:&quot;bt_bb_animation_no_animation&quot;,&quot;def&quot;:&quot;no_animation&quot;}}\"><div class=\"bt_bb_row_holder\" ><div data-bb-version=\"5.2.6\"  class=\"bt_bb_column col-xxl-12 col-xl-12 col-xs-12 col-sm-12 col-md-12 col-lg-12 bt_bb_vertical_align_top bt_bb_align_left bt_bb_padding_normal bt_bb_animation_fade_in animate\" style=\"; --column-width:12;\" data-width=\"12\" data-bt-override-class=\"{&quot;bt_bb_align_&quot;:{&quot;current_class&quot;:&quot;bt_bb_align_left&quot;,&quot;def&quot;:&quot;left&quot;},&quot;bt_bb_padding_&quot;:{&quot;current_class&quot;:&quot;bt_bb_padding_normal&quot;,&quot;def&quot;:&quot;normal&quot;},&quot;bt_bb_animation_&quot;:{&quot;current_class&quot;:&quot;bt_bb_animation_fade_in animate&quot;,&quot;def&quot;:&quot;fade_in animate&quot;}}\"><div class=\"bt_bb_column_content\"><div class=\"bt_bb_column_content_inner\"><header data-bb-version=\"5.2.6\" class=\"bt_bb_headline bt_bb_dash_top bt_bb_superheadline bt_bb_size_extralarge bt_bb_align_left\" data-bt-override-class=\"{&quot;bt_bb_size_&quot;:{&quot;current_class&quot;:&quot;bt_bb_size_extralarge&quot;,&quot;def&quot;:&quot;extralarge&quot;},&quot;bt_bb_align_&quot;:{&quot;current_class&quot;:&quot;bt_bb_align_left&quot;,&quot;def&quot;:&quot;left&quot;}}\"><div class=\"bt_bb_headline_superheadline_outside\"><span class=\"bt_bb_headline_superheadline\"><span>How it\u2019s work?<\/span><\/span><\/div><h1><span class=\"bt_bb_headline_content\"><span>D\u00e9couvrez nos 3 \u00e9tapes pour transformer votre production<br \/><br \/>\nAlternative<\/span><\/span><\/h1><\/header><div data-bb-version=\"5.2.6\" class=\"bt_bb_separator bt_bb_border_style_none bt_bb_top_spacing_60 bt_bb_bottom_spacing_none\" data-bt-override-class=\"{&quot;bt_bb_top_spacing_&quot;:{&quot;current_class&quot;:&quot;bt_bb_top_spacing_60&quot;,&quot;def&quot;:&quot;60&quot;},&quot;bt_bb_bottom_spacing_&quot;:{&quot;current_class&quot;:&quot;bt_bb_bottom_spacing_none&quot;,&quot;def&quot;:&quot;none&quot;}}\"><\/div><\/div><\/div><\/div><\/div><\/div><div data-bb-version=\"5.2.6\" class=\"bt_bb_row bt_bb_row_width_boxed_1200 bt_bb_row_width_boxed  bt_bb_column_gap_10\" style=\"; --column-gap:10px;\" data-bt-override-class=\"{&quot;bt_bb_animation_&quot;:{&quot;current_class&quot;:&quot;bt_bb_animation_no_animation&quot;,&quot;def&quot;:&quot;no_animation&quot;}}\"><div class=\"bt_bb_row_holder\" ><div  class=\"bt_bb_column col-xxl-4 col-xl-4 col-xs-12 col-sm-12 col-md-12 col-lg-4 bt_bb_vertical_align_top bt_bb_align_left bt_bb_padding_30 bt_bb_animation_fade_in zoom_out animate\" style=\"margin-bottom: 60px;; --column-width:4;\" data-width=\"4\" data-bt-override-class=\"{}\"><div class=\"bt_bb_column_content\" style=\"background-color:rgba(241, 241, 241, 1);\"><div class=\"bt_bb_column_content_inner\"><div data-bb-version=\"5.2.6\" class=\"bt_bb_icon bt_bb_color_scheme_6 bt_bb_style_filled bt_bb_size_normal bt_bb_shape_square bt_bb_target_self bt_bb_text_empty bt_bb_align_inherit bt_bb_vertical_position_half_above\" style=\"margin-left: -30px;; --primary-color:#ffffff; --secondary-color:#dd3333;\" data-bt-override-class=\"{&quot;bt_bb_size_&quot;:{&quot;current_class&quot;:&quot;bt_bb_size_normal&quot;,&quot;def&quot;:&quot;normal&quot;},&quot;bt_bb_align_&quot;:{&quot;current_class&quot;:&quot;bt_bb_align_inherit&quot;,&quot;def&quot;:&quot;inherit&quot;},&quot;bt_bb_animation_&quot;:{&quot;current_class&quot;:&quot;bt_bb_animation_no_animation&quot;,&quot;def&quot;:&quot;no_animation&quot;}}\"><span  data-ico-amwerk=\"&#xe9c6;\" class=\"bt_bb_icon_holder\"><\/span><\/div><div class=\"bt_bb_separator bt_bb_border_style_none bt_bb_bottom_spacing_30\" data-bt-override-class=\"null\"><\/div><header data-bb-version=\"5.2.6\" class=\"bt_bb_headline bt_bb_dash_top bt_bb_superheadline bt_bb_subheadline bt_bb_size_small bt_bb_align_inherit\" data-bt-override-class=\"{&quot;bt_bb_size_&quot;:{&quot;current_class&quot;:&quot;bt_bb_size_small&quot;,&quot;def&quot;:&quot;small&quot;},&quot;bt_bb_align_&quot;:{&quot;current_class&quot;:&quot;bt_bb_align_inherit&quot;,&quot;def&quot;:&quot;inherit&quot;}}\"><h4><span class=\"bt_bb_headline_superheadline\"><span>\u00c9tape 1<\/span><\/span><span class=\"bt_bb_headline_content\"><span>R\u00e9server une d\u00e9mo<\/span><\/span><\/h4><div class=\"bt_bb_headline_subheadline\">Nous apprenons \u00e0 conna\u00eetre vos besoins, vous pr\u00e9sentons nos solutions et comprenons les d\u00e9fis auxquels vous \u00eates confront\u00e9s.<\/div><\/header><div class=\"bt_bb_separator bt_bb_border_style_none bt_bb_bottom_spacing_25\" data-bt-override-class=\"null\"><\/div><\/div><\/div><\/div><div  class=\"bt_bb_column col-xxl-4 col-xl-4 col-xs-12 col-sm-12 col-md-12 col-lg-4 bt_bb_vertical_align_top bt_bb_align_left bt_bb_padding_30 bt_bb_animation_fade_in zoom_out animate\" style=\"margin-bottom: 60px;; --column-width:4;\" data-width=\"4\" data-bt-override-class=\"{}\"><div class=\"bt_bb_column_content\" style=\"background-color:rgba(241, 241, 241, 1);\"><div class=\"bt_bb_column_content_inner\"><div data-bb-version=\"5.2.6\" class=\"bt_bb_icon bt_bb_color_scheme_6 bt_bb_style_filled bt_bb_size_normal bt_bb_shape_square bt_bb_target_self bt_bb_text_empty bt_bb_align_inherit bt_bb_vertical_position_half_above\" style=\"margin-left: -30px;; --primary-color:#ffffff; --secondary-color:#dd3333;\" data-bt-override-class=\"{&quot;bt_bb_size_&quot;:{&quot;current_class&quot;:&quot;bt_bb_size_normal&quot;,&quot;def&quot;:&quot;normal&quot;},&quot;bt_bb_align_&quot;:{&quot;current_class&quot;:&quot;bt_bb_align_inherit&quot;,&quot;def&quot;:&quot;inherit&quot;},&quot;bt_bb_animation_&quot;:{&quot;current_class&quot;:&quot;bt_bb_animation_no_animation&quot;,&quot;def&quot;:&quot;no_animation&quot;}}\"><span  data-ico-charts=\"&#xe91a;\" class=\"bt_bb_icon_holder\"><\/span><\/div><div class=\"bt_bb_separator bt_bb_border_style_none bt_bb_bottom_spacing_30\" data-bt-override-class=\"null\"><\/div><header data-bb-version=\"5.2.6\" class=\"bt_bb_headline bt_bb_dash_top bt_bb_superheadline bt_bb_subheadline bt_bb_size_small bt_bb_align_inherit\" data-bt-override-class=\"{&quot;bt_bb_size_&quot;:{&quot;current_class&quot;:&quot;bt_bb_size_small&quot;,&quot;def&quot;:&quot;small&quot;},&quot;bt_bb_align_&quot;:{&quot;current_class&quot;:&quot;bt_bb_align_inherit&quot;,&quot;def&quot;:&quot;inherit&quot;}}\"><h4><span class=\"bt_bb_headline_superheadline\"><span>\u00c9tape 2<\/span><\/span><span class=\"bt_bb_headline_content\"><span>Analyser et proposerAnalyze and Propose<\/span><\/span><\/h4><div class=\"bt_bb_headline_subheadline\">Nos experts \u00e9tudient votre cas en d\u00e9tail, proposent des solutions personnalis\u00e9es,<br>et en discutent avec vous pour validation et ajustement si n\u00e9cessaire.<\/div><\/header><div class=\"bt_bb_separator bt_bb_border_style_none bt_bb_bottom_spacing_25\" data-bt-override-class=\"null\"><\/div><\/div><\/div><\/div><div  class=\"bt_bb_column col-xxl-4 col-xl-4 col-xs-12 col-sm-12 col-md-12 col-lg-4 bt_bb_vertical_align_top bt_bb_align_left bt_bb_padding_30 bt_bb_animation_fade_in zoom_out animate\" style=\"margin-bottom: 60px;; --column-width:4;\" data-width=\"4\" data-bt-override-class=\"{}\"><div class=\"bt_bb_column_content\" style=\"background-color:rgba(241, 241, 241, 1);\"><div class=\"bt_bb_column_content_inner\"><div data-bb-version=\"5.2.6\" class=\"bt_bb_icon bt_bb_color_scheme_6 bt_bb_style_filled bt_bb_size_normal bt_bb_shape_square bt_bb_target_self bt_bb_text_empty bt_bb_align_inherit bt_bb_vertical_position_half_above\" style=\"margin-left: -30px;; --primary-color:#ffffff; --secondary-color:#dd3333;\" data-bt-override-class=\"{&quot;bt_bb_size_&quot;:{&quot;current_class&quot;:&quot;bt_bb_size_normal&quot;,&quot;def&quot;:&quot;normal&quot;},&quot;bt_bb_align_&quot;:{&quot;current_class&quot;:&quot;bt_bb_align_inherit&quot;,&quot;def&quot;:&quot;inherit&quot;},&quot;bt_bb_animation_&quot;:{&quot;current_class&quot;:&quot;bt_bb_animation_no_animation&quot;,&quot;def&quot;:&quot;no_animation&quot;}}\"><span  data-ico-amwerk=\"&#xe98a;\" class=\"bt_bb_icon_holder\"><\/span><\/div><div class=\"bt_bb_separator bt_bb_border_style_none bt_bb_bottom_spacing_30\" data-bt-override-class=\"null\"><\/div><header data-bb-version=\"5.2.6\" class=\"bt_bb_headline bt_bb_dash_top bt_bb_superheadline bt_bb_subheadline bt_bb_size_small bt_bb_align_inherit\" data-bt-override-class=\"{&quot;bt_bb_size_&quot;:{&quot;current_class&quot;:&quot;bt_bb_size_small&quot;,&quot;def&quot;:&quot;small&quot;},&quot;bt_bb_align_&quot;:{&quot;current_class&quot;:&quot;bt_bb_align_inherit&quot;,&quot;def&quot;:&quot;inherit&quot;}}\"><h4><span class=\"bt_bb_headline_superheadline\"><span>\u00c9tape 3<\/span><\/span><span class=\"bt_bb_headline_content\"><span>Impl\u00e9menter et valider<\/span><\/span><\/h4><div class=\"bt_bb_headline_subheadline\">Nous mettons en \u0153uvre la solution, surveillons les r\u00e9sultats et ajustons l\u2019approche en fonction des essais afin de garantir des performances optimales.<\/div><\/header><div class=\"bt_bb_separator bt_bb_border_style_none bt_bb_bottom_spacing_25\" data-bt-override-class=\"null\"><\/div><\/div><\/div><\/div><\/div><\/div><div data-bb-version=\"5.2.6\" class=\"bt_bb_row \"  data-bt-override-class=\"{}\"><div class=\"bt_bb_row_holder\" ><div data-bb-version=\"5.2.6\"  class=\"bt_bb_column col-xxl-12 col-xl-12 col-xs-12 col-sm-12 col-md-12 col-lg-12 bt_bb_vertical_align_top bt_bb_align_center bt_bb_padding_100 bt_bb_animation_fade_in animate\" style=\"; --column-width:12;\" data-width=\"12\" data-bt-override-class=\"{&quot;bt_bb_align_&quot;:{&quot;current_class&quot;:&quot;bt_bb_align_center&quot;,&quot;def&quot;:&quot;center&quot;},&quot;bt_bb_padding_&quot;:{&quot;current_class&quot;:&quot;bt_bb_padding_100&quot;,&quot;def&quot;:&quot;100&quot;},&quot;bt_bb_animation_&quot;:{&quot;current_class&quot;:&quot;bt_bb_animation_fade_in animate&quot;,&quot;def&quot;:&quot;fade_in animate&quot;}}\"><div class=\"bt_bb_column_content\" style=\"background-color:rgb(23,46,87);\"><div class=\"bt_bb_column_content_inner\"><div data-bb-version=\"5.2.6\" class=\"bt_bb_separator bt_bb_border_style_none bt_bb_top_spacing_none bt_bb_bottom_spacing_40\" data-bt-override-class=\"{&quot;bt_bb_top_spacing_&quot;:{&quot;current_class&quot;:&quot;bt_bb_top_spacing_none&quot;,&quot;def&quot;:&quot;none&quot;},&quot;bt_bb_bottom_spacing_&quot;:{&quot;current_class&quot;:&quot;bt_bb_bottom_spacing_40&quot;,&quot;def&quot;:&quot;40&quot;}}\"><\/div><header data-bb-version=\"5.2.6\" class=\"bt_bb_headline bt_bb_color_scheme_6 bt_bb_dash_top bt_bb_superheadline bt_bb_size_medium bt_bb_align_inherit\" style=\"; --headline-primary-color:#ffffff; --headline-secondary-color:#dd3333;;color:rgb(255,255,255);border-color:rgb(255,255,255);\" data-bt-override-class=\"{&quot;bt_bb_size_&quot;:{&quot;current_class&quot;:&quot;bt_bb_size_medium&quot;,&quot;def&quot;:&quot;medium&quot;},&quot;bt_bb_align_&quot;:{&quot;current_class&quot;:&quot;bt_bb_align_inherit&quot;,&quot;def&quot;:&quot;inherit&quot;}}\"><div class=\"bt_bb_headline_superheadline_outside\"><span class=\"bt_bb_headline_superheadline\"><span>Pr\u00eat \u00e0 discuter ?<\/span><\/span><\/div><h3><span class=\"bt_bb_headline_content\"><span>Fa\u00e7onnez l\u2019avenir de la fabrication avec SMARC.<br \/><br \/>\nOptimisez vos op\u00e9rations, adoptez les nouvelles technologies et gardez une longueur d\u2019avance.<\/span><\/span><\/h3><\/header><div class=\"bt_bb_separator bt_bb_border_style_none bt_bb_bottom_spacing_20\" data-bt-override-class=\"null\"><\/div><div data-bb-version=\"5.2.6\" class=\"bt_bb_button bt_bb_color_scheme_6 bt_bb_icon_position_left bt_bb_style_filled bt_bb_size_large bt_bb_width_inline bt_bb_shape_inherit bt_bb_target_self bt_bb_text_transform_inherit bt_bb_align_inherit\" style=\"; --primary-color:#ffffff; --secondary-color:#dd3333;\" data-bt-override-class=\"{&quot;bt_bb_size_&quot;:{&quot;current_class&quot;:&quot;bt_bb_size_large&quot;,&quot;def&quot;:&quot;large&quot;},&quot;bt_bb_align_&quot;:{&quot;current_class&quot;:&quot;bt_bb_align_inherit&quot;,&quot;def&quot;:&quot;inherit&quot;},&quot;bt_bb_animation_&quot;:{&quot;current_class&quot;:&quot;bt_bb_animation_no_animation&quot;,&quot;def&quot;:&quot;no_animation&quot;}}\"><a href=\"https:\/\/www.smarc.io\/fr\/contact\/\" target=\"_self\" class=\"bt_bb_link\" title=\"Contactez-nous\"><span class=\"bt_bb_button_text\" >Contactez-nous<\/span><\/a><\/div><div data-bb-version=\"5.2.6\" class=\"bt_bb_separator bt_bb_border_style_none bt_bb_top_spacing_none bt_bb_bottom_spacing_40\" data-bt-override-class=\"{&quot;bt_bb_top_spacing_&quot;:{&quot;current_class&quot;:&quot;bt_bb_top_spacing_none&quot;,&quot;def&quot;:&quot;none&quot;},&quot;bt_bb_bottom_spacing_&quot;:{&quot;current_class&quot;:&quot;bt_bb_bottom_spacing_40&quot;,&quot;def&quot;:&quot;40&quot;}}\"><\/div><\/div><\/div><\/div><\/div><\/div><\/div><!-- cell_inner --><\/div><!-- cell --><\/div><!-- port --><\/section><\/p>\n","protected":false},"excerpt":{"rendered":"<p>Des applications intelligentes con\u00e7ues pour automatiser la production, rationaliser les flux de travail et stimuler l&rsquo;efficacit\u00e9 gr\u00e2ce \u00e0 des solutions aliment\u00e9es par l&rsquo;IA.<\/p>\n","protected":false},"author":1,"featured_media":2756,"parent":0,"menu_order":0,"comment_status":"closed","ping_status":"closed","template":"","meta":{"footnotes":""},"class_list":["post-2754","page","type-page","status-publish","has-post-thumbnail","hentry"],"_links":{"self":[{"href":"https:\/\/www.smarc.io\/fr\/wp-json\/wp\/v2\/pages\/2754","targetHints":{"allow":["GET"]}}],"collection":[{"href":"https:\/\/www.smarc.io\/fr\/wp-json\/wp\/v2\/pages"}],"about":[{"href":"https:\/\/www.smarc.io\/fr\/wp-json\/wp\/v2\/types\/page"}],"author":[{"embeddable":true,"href":"https:\/\/www.smarc.io\/fr\/wp-json\/wp\/v2\/users\/1"}],"replies":[{"embeddable":true,"href":"https:\/\/www.smarc.io\/fr\/wp-json\/wp\/v2\/comments?post=2754"}],"version-history":[{"count":4,"href":"https:\/\/www.smarc.io\/fr\/wp-json\/wp\/v2\/pages\/2754\/revisions"}],"predecessor-version":[{"id":3017,"href":"https:\/\/www.smarc.io\/fr\/wp-json\/wp\/v2\/pages\/2754\/revisions\/3017"}],"wp:featuredmedia":[{"embeddable":true,"href":"https:\/\/www.smarc.io\/fr\/wp-json\/wp\/v2\/media\/2756"}],"wp:attachment":[{"href":"https:\/\/www.smarc.io\/fr\/wp-json\/wp\/v2\/media?parent=2754"}],"curies":[{"name":"wp","href":"https:\/\/api.w.org\/{rel}","templated":true}]}}